
{"id":1218,"date":"2022-11-28T15:54:26","date_gmt":"2022-11-28T14:54:26","guid":{"rendered":"https:\/\/negociolocalsostenible.com\/?page_id=1218"},"modified":"2023-03-23T12:30:39","modified_gmt":"2023-03-23T11:30:39","slug":"alta-negocio","status":"publish","type":"page","link":"https:\/\/negociolocalsostenible.com\/va\/alta-negocio\/","title":{"rendered":"Adherix el teu negoci"},"content":{"rendered":"<div class=\"wpb-content-wrapper\"><p>[vc_row full_width=&#8221;stretch_row&#8221; disable_element=&#8221;yes&#8221; el_class=&#8221;banner_compra_bono alta&#8221;][vc_column width=&#8221;1\/2&#8243;][vc_raw_html]JTNDcCUzRSUzQ3NwYW4lMjBjbGFzcyUzRCUyMmxpbmVhJTIyJTNFREElMjBERSUyMEFMVEElMjBUVSUzQyUyRnNwYW4lM0UlM0NzcGFuJTIwY2xhc3MlM0QlMjJkZXN0YWNhZG8lMjIlM0VDT01FUkNJTyUzQyUyRnNwYW4lM0UlM0MlMkZwJTNFJTBBJTNDcCUyMGNsYXNzJTNEJTIybWluaSUyMiUzRSUzQyUyRnAlM0UlMEElM0NhJTIwaHJlZiUzRCUyMiUyM2FsdGEtY29tZXJjaW8lMjIlM0VFTVBFWkFSJTNDJTJGYSUzRQ==[\/vc_raw_html][\/vc_column][vc_column width=&#8221;1\/2&#8243;][\/vc_column][\/vc_row][vc_row full_width=&#8221;stretch_row&#8221; equal_height=&#8221;yes&#8221; content_placement=&#8221;middle&#8221; disable_element=&#8221;yes&#8221; el_class=&#8221;banner_compra_bono alta&#8221;][vc_column width=&#8221;1\/2&#8243;][vc_raw_html]JTNDcCUzRSUzQ3NwYW4lMjBjbGFzcyUzRCUyMmxpbmVhJTIyJTNFREElMjBERSUyMEFMVEElMjBUVSUzQyUyRnNwYW4lM0UlM0NzcGFuJTIwY2xhc3MlM0QlMjJkZXN0YWNhZG8lMjIlM0VDT01FUkNJTyUzQyUyRnNwYW4lM0UlM0MlMkZwJTNFJTBBJTNDcCUyMGNsYXNzJTNEJTIybWluaSUyMiUzRSUzQyUyRnAlM0UlMEElM0NhJTIwaHJlZiUzRCUyMiUyM2FsdGEtY29tZXJjaW8lMjIlM0VFTVBFWkFSJTNDJTJGYSUzRQ==[\/vc_raw_html][\/vc_column][vc_column width=&#8221;1\/2&#8243;][vc_single_image image=&#8221;827&#8243; img_size=&#8221;full&#8221; alignment=&#8221;right&#8221;][\/vc_column][\/vc_row][vc_row full_width=&#8221;stretch_row&#8221; disable_element=&#8221;yes&#8221; css=&#8221;.vc_custom_1666374746190{background-color: #f1f1f1 !important;}&#8221; el_class=&#8221;puntos_consumidor alta&#8221;][vc_column width=&#8221;1\/2&#8243; el_class=&#8221;uno&#8221;][vc_column_text]<\/p>\n<h2>CUMPLIR LOS REQUISITOS <a href=\"https:\/\/negociolocalsostenible.com\/informacion-para-el-comerciante\/\" target=\"_blank\" rel=\"noopener\">Ver requisitos<\/a><\/h2>\n<p>[\/vc_column_text][\/vc_column][vc_column width=&#8221;1\/2&#8243; el_class=&#8221;dos&#8221;][vc_column_text]<\/p>\n<h2>RELLENAR FORMULARIO <a href=\"#alta-comercio\" rel=\"noopener\">Comenzar<\/a><\/h2>\n<p>[\/vc_column_text][\/vc_column][\/vc_row][vc_row el_class=&#8221;formulario&#8221; el_id=&#8221;alta-comercio&#8221;][vc_column width=&#8221;1\/6&#8243; css=&#8221;.vc_custom_1631009739164{padding-top: 0px !important;}&#8221;][\/vc_column][vc_column width=&#8221;2\/3&#8243; css=&#8221;.vc_custom_1631009742758{padding-top: 0px !important;}&#8221;][vc_row_inner][vc_column_inner][vc_column_text]<\/p>\n<h2 style=\"text-align: center;\">Dona d\u2019alta el teu negoci<\/h2>\n<p>[\/vc_column_text][vc_column_text]Els comer\u00e7os i establiments del sector HORECA que vullguen participar en el programa  <strong>Negoci Local Sostenible 22-25<\/strong> hauran d\u2019inscriure\u2019s, a trav\u00e9s d\u2019un formulari en el portal web pr\u00e8viament habilitat per la Cambra de Comer\u00e7 de Val\u00e8ncia, en el qual es detallaran les dades seg\u00fcents:<\/p>\n<ul>\n<li>Nom comercial.<\/li>\n<li>Ra\u00f3 social i CIF.<\/li>\n<li>Nom i cognoms del titular i dades de contacte.<\/li>\n<li>Adre\u00e7a o adreces dels establiments.<\/li>\n<li>Tel\u00e8fon de contacte, adre\u00e7a electr\u00f2nica.<\/li>\n<li>Activitat comer\u00e7\/HORECA.<\/li>\n<li>Nombre de persones empleades (incl\u00f2s l\u2019aut\u00f2nom), indicant si ho s\u00f3n a temps parcial o complet.<\/li>\n<li>Declaraci\u00f3 responsable de compliment dels requisits establits per a participar en la campanya, amb indicaci\u00f3 de CNAE o IAE d\u2019activitat.<\/li>\n<\/ul>\n<p>[\/vc_column_text][\/vc_column_inner][\/vc_row_inner][vc_row_inner el_class=&#8221;boton_contorno&#8221;][vc_column_inner][vc_column_text]<a href=\"\/en-que-consiste\/\" target=\"_blank\" rel=\"noopener\">Informaci\u00f3 NEGOCI SOSTENIBLE <img decoding=\"async\" src=\"\/wp-content\/uploads\/2021\/08\/amarilla.svg\" \/><\/a>[\/vc_column_text][vc_column_text]<a href=\"\/wp-content\/uploads\/2022\/10\/Declaracion-responsable-comercio-s-olicitante-NEGOCIO-SOST-VLC-22.pdf\" target=\"_blank\" rel=\"noopener\">Declaraci\u00f3 responsable del compliment de requisits <img decoding=\"async\" src=\"\/wp-content\/uploads\/2021\/08\/amarilla.svg\" \/><\/a>[\/vc_column_text][vc_column_text el_class=&#8221;descarga_cartel&#8221;]<a href=\"\/wp-content\/uploads\/2022\/11\/CARTEL-NEGOCIO-ADHERIDO.pdf\" target=\"_blank\" rel=\"noopener\">Descarrega cartell de negoci adherit <img decoding=\"async\" src=\"\/wp-content\/uploads\/2021\/08\/negra.svg\" \/><\/a>[\/vc_column_text][\/vc_column_inner][\/vc_row_inner][vc_row_inner][vc_column_inner]<div id=\"mensaje_solicitud\"><\/div><form class=\"formulario_bono\" name=\"fomulario_establecimiento\" id=\"formulario_establecimiento\" action=\"\/backoffice\/api\/business\/new\" method=\"post\" enctype=\"multipart\/form-data\"><input type=\"hidden\" name=\"act\" value=\"save_establ\"><input name=\"name_oc\" id=\"name_oc\" type=\"text\" value=\"\" class=\"name_oc_form\"><div class=\"vc_row\"><div class=\"vc_col-sm-12\"><h4>Dades negoci  *<\/h4><\/div><\/div><div class=\"vc_row\"><div class=\"vc_col-sm-12\"><input type=\"text\" name=\"nombre_comercial\" id=\"nombre_comercial\" value=\"\" placeholder=\"Nom comercial\" required><\/div><\/div><div class=\"vc_row\"><div class=\"vc_col-sm-6\"><input type=\"text\" name=\"razon_social\" id=\"razon_social\" value=\"\" placeholder=\"Ra\u00f3 social\" required><\/div><div class=\"vc_col-sm-6\"><input type=\"text\" name=\"cif\" id=\"cif\" value=\"\" placeholder=\"CIF\" required><\/div><\/div><div class=\"vc_row\"><div class=\"vc_col-sm-8\"><input type=\"text\" name=\"direccion\" id=\"direccion\" value=\"\" placeholder=\"Adre\u00e7a\" required><\/div><div class=\"vc_col-sm-4\"><input type=\"number\" max=\"99999\" name=\"cp\" id=\"cp\" value=\"\" placeholder=\"C.P.\" required><\/div><\/div><div class=\"vc_row\"><div class=\"vc_col-sm-6\"><input type=\"email\" name=\"email\" id=\"email\" value=\"\" placeholder=\"Adre\u00e7a electr\u00f2nica\" required><\/div><div class=\"vc_col-sm-6\"><input type=\"number\" min=\"111111111\" max=\"999999999\" name=\"telefono\" id=\"telefono\" value=\"\" placeholder=\"Tel\u00e8fon\" required><\/div><\/div><div class=\"vc_row\"><div class=\"vc_col-sm-6\"><label>Actividad Comercio\/HORECA *<\/label><select name=\"actividad_comercio\" id=\"actividad_comercio\" required><option value=\"\">- Seleccionar -<\/option><optgroup label=\"COMERCIO\"><option value=\"1\">Alimentaci\u00f3n y bebidas<\/option><option value=\"2\">Equipamiento personal<\/option><option value=\"3\">Equipamiento hogar y construcci\u00f3n<\/option><option value=\"4\">Cultural<\/option><option value=\"5\">Droguer\u00edas<\/option><option value=\"6\">Otros<\/option><\/optgroup><optgroup label=\"HORECA\"><option value=\"7\">Alojamiento<\/option><option value=\"8\">Restaurantes<\/option><option value=\"9\">Cafeter\u00edas y bares<\/option><option value=\"10\">Ofertas complementarias y otros<\/option><\/optgroup><\/select><\/div><\/div><div class=\"vc_row\"><div class=\"vc_col-sm-6\"><label>Ep\u00edgraf IAE *<\/label><input type=\"number\" step=\"0.01\" name=\"epigrafe_iae\" id=\"epigrafe_iae\" value=\"\" placeholder=\"Introduir codi\" required><\/div><div class=\"vc_col-sm-6\"><label>Adjuntar IAE (PDF) *<\/label><input type=\"file\" name=\"iae_doc\" id=\"iae_doc\" required><\/div><\/div><div class=\"vc_row\"><div class=\"vc_col-sm-6\"><label>Nombre d\u2019empleats contracte jornada completa (incl\u00f2s l\u2019aut\u00f2nom) *<\/label><input type=\"number\" name=\"num_empleados_completa\" id=\"num_empleados_completa\" value=\"\" placeholder=\"Introduir nombre\" required><\/div><div class=\"vc_col-sm-6\"><label>Nombre d\u2019empleats contracte temps parcial (incl\u00f2s l\u2019aut\u00f2nom) *<\/label><input type=\"number\" name=\"num_empleados_parcial\" id=\"num_empleados_parcial\" value=\"\" placeholder=\"Introduir nombre\" required><\/div><\/div><div class=\"vc_row\"><div class=\"vc_col-sm-12\"><h4>Dades del contacte *<\/h4><\/div><\/div><div class=\"vc_row\"><div class=\"vc_col-sm-6\"><input type=\"text\" name=\"nombre_titular\" id=\"nombre_titular\" value=\"\" placeholder=\"Nom i cognoms\" required><\/div><div class=\"vc_col-sm-6\"><input type=\"text\" name=\"cargo_titular\" id=\"cargo_titular\" value=\"\" placeholder=\"C\u00e0rrec\" required><\/div><\/div><div class=\"vc_row\"><div class=\"vc_col-sm-6\"><input type=\"email\" name=\"email_titular\" id=\"email_titular\" value=\"\" placeholder=\"Adre\u00e7a electr\u00f2nica\" required><\/div><div class=\"vc_col-sm-6\"><input type=\"number\" min=\"111111111\" max=\"999999999\" name=\"telefono_titular\" id=\"telefono_titular\" value=\"\" placeholder=\"Tel\u00e8fon\" required><\/div><\/div><p class=\"check_form\"><input type=\"checkbox\" name=\"acepto\" id=\"acepto\" value=\"1\" required> He llegit i accepte les <a href=\"https:\/\/negociolocalsostenible.com\/en-que-consiste\/\" target=\"_blank\">condicions d\u2019adhesi\u00f3<\/a> i la <a href=\"https:\/\/www.camaravalencia.com\/es-ES\/Paginas\/politica-de-privacidad.aspx\" target=\"_blank\">pol\u00edtica de privacitat<\/a><\/p><input type=\"submit\" value=\"Enviar\"><\/form>[\/vc_column_inner][\/vc_row_inner][vc_row_inner disable_element=&#8221;yes&#8221;][vc_column_inner][vc_column_text]<\/p>\n<h2 style=\"text-align: center;\">El per\u00edodo de inscripciones<br \/>\nha finalizado<\/h2>\n<p>[\/vc_column_text][\/vc_column_inner][\/vc_row_inner][\/vc_column][vc_column width=&#8221;1\/6&#8243; css=&#8221;.vc_custom_1631009747678{padding-top: 0px !important;}&#8221;][\/vc_column][\/vc_row]<\/p>\n<\/div>","protected":false},"excerpt":{"rendered":"<p>[vc_row full_width=&#8221;stretch_row&#8221; disable_element=&#8221;yes&#8221; el_class=&#8221;banner_compra_bono alta&#8221;][vc_column width=&#8221;1\/2&#8243;][vc_raw_html]JTNDcCUzRSUzQ3NwYW4lMjBjbGFzcyUzRCUyMmxpbmVhJTIyJTNFREElMjBERSUyMEFMVEElMjBUVSUzQyUyRnNwYW4lM0UlM0NzcGFuJTIwY2xhc3MlM0QlMjJkZXN0YWNhZG8lMjIlM0VDT01FUkNJTyUzQyUyRnNwYW4lM0UlM0MlMkZwJTNFJTBBJTNDcCUyMGNsYXNzJTNEJTIybWluaSUyMiUzRSUzQyUyRnAlM0UlMEElM0NhJTIwaHJlZiUzRCUyMiUyM2FsdGEtY29tZXJjaW8lMjIlM0VFTVBFWkFSJTNDJTJGYSUzRQ==[\/vc_raw_html][\/vc_column][vc_column width=&#8221;1\/2&#8243;][\/vc_column][\/vc_row][vc_row full_width=&#8221;stretch_row&#8221; equal_height=&#8221;yes&#8221; content_placement=&#8221;middle&#8221; disable_element=&#8221;yes&#8221; el_class=&#8221;banner_compra_bono alta&#8221;][vc_column width=&#8221;1\/2&#8243;][vc_raw_html]JTNDcCUzRSUzQ3NwYW4lMjBjbGFzcyUzRCUyMmxpbmVhJTIyJTNFREElMjBERSUyMEFMVEElMjBUVSUzQyUyRnNwYW4lM0UlM0NzcGFuJTIwY2xhc3MlM0QlMjJkZXN0YWNhZG8lMjIlM0VDT01FUkNJTyUzQyUyRnNwYW4lM0UlM0MlMkZwJTNFJTBBJTNDcCUyMGNsYXNzJTNEJTIybWluaSUyMiUzRSUzQyUyRnAlM0UlMEElM0NhJTIwaHJlZiUzRCUyMiUyM2FsdGEtY29tZXJjaW8lMjIlM0VFTVBFWkFSJTNDJTJGYSUzRQ==[\/vc_raw_html][\/vc_column][vc_column width=&#8221;1\/2&#8243;][vc_single_image image=&#8221;827&#8243; img_size=&#8221;full&#8221; alignment=&#8221;right&#8221;][\/vc_column][\/vc_row][vc_row full_width=&#8221;stretch_row&#8221; disable_element=&#8221;yes&#8221; css=&#8221;.vc_custom_1666374746190{background-color: #f1f1f1 !important;}&#8221; el_class=&#8221;puntos_consumidor alta&#8221;][vc_column width=&#8221;1\/2&#8243; el_class=&#8221;uno&#8221;][vc_column_text] CUMPLIR LOS REQUISITOS Ver requisitos [\/vc_column_text][\/vc_column][vc_column width=&#8221;1\/2&#8243; el_class=&#8221;dos&#8221;][vc_column_text] RELLENAR FORMULARIO Comenzar [\/vc_column_text][\/vc_column][\/vc_row][vc_row el_class=&#8221;formulario&#8221; el_id=&#8221;alta-comercio&#8221;][vc_column width=&#8221;1\/6&#8243; css=&#8221;.vc_custom_1631009739164{padding-top: 0px !important;}&#8221;][\/vc_column][vc_column width=&#8221;2\/3&#8243; css=&#8221;.vc_custom_1631009742758{padding-top: 0px !important;}&#8221;][vc_row_inner][vc_column_inner][vc_column_text] Dona d\u2019alta el teu negoci [\/vc_column_text][vc_column_text]Els [&hellip;]<\/p>\n","protected":false},"author":1,"featured_media":0,"parent":0,"menu_order":0,"comment_status":"closed","ping_status":"closed","template":"","meta":{"_acf_changed":false,"footnotes":""},"class_list":["post-1218","page","type-page","status-publish","hentry"],"acf":[],"_links":{"self":[{"href":"https:\/\/negociolocalsostenible.com\/va\/wp-json\/wp\/v2\/pages\/1218","targetHints":{"allow":["GET"]}}],"collection":[{"href":"https:\/\/negociolocalsostenible.com\/va\/wp-json\/wp\/v2\/pages"}],"about":[{"href":"https:\/\/negociolocalsostenible.com\/va\/wp-json\/wp\/v2\/types\/page"}],"author":[{"embeddable":true,"href":"https:\/\/negociolocalsostenible.com\/va\/wp-json\/wp\/v2\/users\/1"}],"replies":[{"embeddable":true,"href":"https:\/\/negociolocalsostenible.com\/va\/wp-json\/wp\/v2\/comments?post=1218"}],"version-history":[{"count":5,"href":"https:\/\/negociolocalsostenible.com\/va\/wp-json\/wp\/v2\/pages\/1218\/revisions"}],"predecessor-version":[{"id":1289,"href":"https:\/\/negociolocalsostenible.com\/va\/wp-json\/wp\/v2\/pages\/1218\/revisions\/1289"}],"wp:attachment":[{"href":"https:\/\/negociolocalsostenible.com\/va\/wp-json\/wp\/v2\/media?parent=1218"}],"curies":[{"name":"wp","href":"https:\/\/api.w.org\/{rel}","templated":true}]}}